{"id":259,"date":"2024-06-13T12:33:11","date_gmt":"2024-06-13T10:33:11","guid":{"rendered":"http:\/\/barbara-grodek.wbeskid.pl\/barbara-grodek\/?page_id=259"},"modified":"2024-07-18T14:58:01","modified_gmt":"2024-07-18T12:58:01","slug":"rejsy","status":"publish","type":"page","link":"https:\/\/barbara-grodek.pl\/index.php\/rejsy\/","title":{"rendered":"REJSY"},"content":{"rendered":"\n<h5 class=\"wp-block-heading\">REJSY STATKIEM&nbsp;<strong>PO JEZIORZE RO\u017bNOWSKIM<\/strong><\/h5>\n\n\n\n<p>Zapraszamy na nasz\u0105 przysta\u0144, sk\u0105d wyruszaj\u0105 statki wycieczkowe na rejsy po Jeziorze Ro\u017cnowskim na trasie Gr\u00f3dek nad Dunajcem &#8211; Zapora w Ro\u017cnowie. Rejs do Ro\u017cnowa trwa 30min, tam 30 min przerwa na zwiedzanie Zapory i powr\u00f3t do Gr\u00f3dka nad Dunajcem (30min).<\/p>\n\n\n\n<div class=\"wp-block-columns is-layout-flex wp-container-core-columns-is-layout-28f84493 wp-block-columns-is-layout-flex\">\n<div class=\"wp-block-column is-layout-flow wp-block-column-is-layout-flow\">\n<figure data-wp-context=\"{&quot;imageId&quot;:&quot;69e9e8162c8ab&quot;}\" data-wp-interactive=\"core\/image\" data-wp-key=\"69e9e8162c8ab\" class=\"wp-block-image size-large wp-lightbox-container\"><img loading=\"lazy\" decoding=\"async\" width=\"1024\" height=\"577\" data-wp-class--hide=\"state.isContentHidden\" data-wp-class--show=\"state.isContentVisible\" data-wp-init=\"callbacks.setButtonStyles\" data-wp-on--click=\"actions.showLightbox\" data-wp-on--load=\"callbacks.setButtonStyles\" data-wp-on-window--resize=\"callbacks.setButtonStyles\" src=\"https:\/\/barbara-grodek.pl\/barbara-grodek\/wp-content\/uploads\/2024\/05\/DSC00696-1024x577.jpg\" alt=\"\" class=\"wp-image-62\" srcset=\"https:\/\/barbara-grodek.pl\/wp-content\/uploads\/2024\/05\/DSC00696-1024x577.jpg 1024w, https:\/\/barbara-grodek.pl\/wp-content\/uploads\/2024\/05\/DSC00696-300x169.jpg 300w, https:\/\/barbara-grodek.pl\/wp-content\/uploads\/2024\/05\/DSC00696-768x433.jpg 768w, https:\/\/barbara-grodek.pl\/wp-content\/uploads\/2024\/05\/DSC00696-1536x865.jpg 1536w, https:\/\/barbara-grodek.pl\/wp-content\/uploads\/2024\/05\/DSC00696-2048x1154.jpg 2048w\" sizes=\"auto, (max-width: 1024px) 100vw, 1024px\" \/><button\n\t\t\tclass=\"lightbox-trigger\"\n\t\t\ttype=\"button\"\n\t\t\taria-haspopup=\"dialog\"\n\t\t\taria-label=\"Powi\u0119ksz\"\n\t\t\tdata-wp-init=\"callbacks.initTriggerButton\"\n\t\t\tdata-wp-on--click=\"actions.showLightbox\"\n\t\t\tdata-wp-style--right=\"state.imageButtonRight\"\n\t\t\tdata-wp-style--top=\"state.imageButtonTop\"\n\t\t>\n\t\t\t<svg xmlns=\"http:\/\/www.w3.org\/2000\/svg\" width=\"12\" height=\"12\" fill=\"none\" viewBox=\"0 0 12 12\">\n\t\t\t\t<path fill=\"#fff\" d=\"M2 0a2 2 0 0 0-2 2v2h1.5V2a.5.5 0 0 1 .5-.5h2V0H2Zm2 10.5H2a.5.5 0 0 1-.5-.5V8H0v2a2 2 0 0 0 2 2h2v-1.5ZM8 12v-1.5h2a.5.5 0 0 0 .5-.5V8H12v2a2 2 0 0 1-2 2H8Zm2-12a2 2 0 0 1 2 2v2h-1.5V2a.5.5 0 0 0-.5-.5H8V0h2Z\" \/>\n\t\t\t<\/svg>\n\t\t<\/button><\/figure>\n<\/div>\n\n\n\n<div class=\"wp-block-column is-layout-flow wp-block-column-is-layout-flow\">\n<figure data-wp-context=\"{&quot;imageId&quot;:&quot;69e9e8162d66a&quot;}\" data-wp-interactive=\"core\/image\" data-wp-key=\"69e9e8162d66a\" class=\"wp-block-image size-large wp-lightbox-container\"><img loading=\"lazy\" decoding=\"async\" width=\"1037\" height=\"584\" data-wp-class--hide=\"state.isContentHidden\" data-wp-class--show=\"state.isContentVisible\" data-wp-init=\"callbacks.setButtonStyles\" data-wp-on--click=\"actions.showLightbox\" data-wp-on--load=\"callbacks.setButtonStyles\" data-wp-on-window--resize=\"callbacks.setButtonStyles\" src=\"https:\/\/barbara-grodek.pl\/barbara-grodek\/wp-content\/uploads\/2024\/06\/306-edited.jpg\" alt=\"\" class=\"wp-image-270\" srcset=\"https:\/\/barbara-grodek.pl\/wp-content\/uploads\/2024\/06\/306-edited.jpg 1037w, https:\/\/barbara-grodek.pl\/wp-content\/uploads\/2024\/06\/306-edited-300x169.jpg 300w, https:\/\/barbara-grodek.pl\/wp-content\/uploads\/2024\/06\/306-edited-1024x577.jpg 1024w, https:\/\/barbara-grodek.pl\/wp-content\/uploads\/2024\/06\/306-edited-768x433.jpg 768w\" sizes=\"auto, (max-width: 1037px) 100vw, 1037px\" \/><button\n\t\t\tclass=\"lightbox-trigger\"\n\t\t\ttype=\"button\"\n\t\t\taria-haspopup=\"dialog\"\n\t\t\taria-label=\"Powi\u0119ksz\"\n\t\t\tdata-wp-init=\"callbacks.initTriggerButton\"\n\t\t\tdata-wp-on--click=\"actions.showLightbox\"\n\t\t\tdata-wp-style--right=\"state.imageButtonRight\"\n\t\t\tdata-wp-style--top=\"state.imageButtonTop\"\n\t\t>\n\t\t\t<svg xmlns=\"http:\/\/www.w3.org\/2000\/svg\" width=\"12\" height=\"12\" fill=\"none\" viewBox=\"0 0 12 12\">\n\t\t\t\t<path fill=\"#fff\" d=\"M2 0a2 2 0 0 0-2 2v2h1.5V2a.5.5 0 0 1 .5-.5h2V0H2Zm2 10.5H2a.5.5 0 0 1-.5-.5V8H0v2a2 2 0 0 0 2 2h2v-1.5ZM8 12v-1.5h2a.5.5 0 0 0 .5-.5V8H12v2a2 2 0 0 1-2 2H8Zm2-12a2 2 0 0 1 2 2v2h-1.5V2a.5.5 0 0 0-.5-.5H8V0h2Z\" \/>\n\t\t\t<\/svg>\n\t\t<\/button><\/figure>\n<\/div>\n\n\n\n<div class=\"wp-block-column is-layout-flow wp-block-column-is-layout-flow\">\n<figure data-wp-context=\"{&quot;imageId&quot;:&quot;69e9e8162de29&quot;}\" data-wp-interactive=\"core\/image\" data-wp-key=\"69e9e8162de29\" class=\"wp-block-image size-large wp-lightbox-container\"><img loading=\"lazy\" decoding=\"async\" width=\"2560\" height=\"1440\" data-wp-class--hide=\"state.isContentHidden\" data-wp-class--show=\"state.isContentVisible\" data-wp-init=\"callbacks.setButtonStyles\" data-wp-on--click=\"actions.showLightbox\" data-wp-on--load=\"callbacks.setButtonStyles\" data-wp-on-window--resize=\"callbacks.setButtonStyles\" src=\"https:\/\/barbara-grodek.pl\/barbara-grodek\/wp-content\/uploads\/2024\/06\/20180709_101828-edited-scaled.jpg\" alt=\"\" class=\"wp-image-272\" srcset=\"https:\/\/barbara-grodek.pl\/wp-content\/uploads\/2024\/06\/20180709_101828-edited-scaled.jpg 2560w, https:\/\/barbara-grodek.pl\/wp-content\/uploads\/2024\/06\/20180709_101828-edited-300x169.jpg 300w, https:\/\/barbara-grodek.pl\/wp-content\/uploads\/2024\/06\/20180709_101828-edited-1024x576.jpg 1024w, https:\/\/barbara-grodek.pl\/wp-content\/uploads\/2024\/06\/20180709_101828-edited-768x432.jpg 768w, https:\/\/barbara-grodek.pl\/wp-content\/uploads\/2024\/06\/20180709_101828-edited-1536x864.jpg 1536w, https:\/\/barbara-grodek.pl\/wp-content\/uploads\/2024\/06\/20180709_101828-edited-2048x1152.jpg 2048w\" sizes=\"auto, (max-width: 2560px) 100vw, 2560px\" \/><button\n\t\t\tclass=\"lightbox-trigger\"\n\t\t\ttype=\"button\"\n\t\t\taria-haspopup=\"dialog\"\n\t\t\taria-label=\"Powi\u0119ksz\"\n\t\t\tdata-wp-init=\"callbacks.initTriggerButton\"\n\t\t\tdata-wp-on--click=\"actions.showLightbox\"\n\t\t\tdata-wp-style--right=\"state.imageButtonRight\"\n\t\t\tdata-wp-style--top=\"state.imageButtonTop\"\n\t\t>\n\t\t\t<svg xmlns=\"http:\/\/www.w3.org\/2000\/svg\" width=\"12\" height=\"12\" fill=\"none\" viewBox=\"0 0 12 12\">\n\t\t\t\t<path fill=\"#fff\" d=\"M2 0a2 2 0 0 0-2 2v2h1.5V2a.5.5 0 0 1 .5-.5h2V0H2Zm2 10.5H2a.5.5 0 0 1-.5-.5V8H0v2a2 2 0 0 0 2 2h2v-1.5ZM8 12v-1.5h2a.5.5 0 0 0 .5-.5V8H12v2a2 2 0 0 1-2 2H8Zm2-12a2 2 0 0 1 2 2v2h-1.5V2a.5.5 0 0 0-.5-.5H8V0h2Z\" \/>\n\t\t\t<\/svg>\n\t\t<\/button><\/figure>\n<\/div>\n<\/div>\n\n\n\n<p>W sezonie letnim rejsy odbywaj\u0105 si\u0119 codziennie. Istnieje mo\u017cliwo\u015b\u0107 wynaj\u0119cia ca\u0142ej jednostki po wcze\u015bniejszej rezerwacji pod numerem 184401014. <\/p>\n\n\n\n<p class=\"has-medium-font-size\"><a href=\"https:\/\/barbara-grodek.pl\/index.php\/cennik-rejsow-statkiem\/\" data-type=\"page\" data-id=\"435\"><strong>CENNIK REJS\u00d3W STATKIEM<\/strong><\/a><\/p>\n\n\n\n<h5 class=\"wp-block-heading\">Filmy z rejsu wykonane przez naszych pasa\u017cer\u00f3w:<\/h5>\n\n\n\n<div class=\"wp-block-columns is-layout-flex wp-container-core-columns-is-layout-28f84493 wp-block-columns-is-layout-flex\">\n<div class=\"wp-block-column is-layout-flow wp-block-column-is-layout-flow\">\n<figure class=\"wp-block-embed is-type-video is-provider-youtube wp-block-embed-youtube wp-embed-aspect-16-9 wp-has-aspect-ratio\"><div class=\"wp-block-embed__wrapper\">\n<iframe loading=\"lazy\" hcb-fetch-image-from=\"https:\/\/www.youtube.com\/watch?v=DvKUEY0VH4g\" title=\"Jezioro Ro\u017cnowskie - Rejs do Gr\u00f3dka nad Dunajcem\" width=\"1290\" height=\"726\" src=\"https:\/\/www.youtube.com\/embed\/DvKUEY0VH4g?feature=oembed\" frameborder=\"0\" allow=\"accelerometer; autoplay; clipboard-write; encrypted-media; gyroscope; picture-in-picture; web-share\" referrerpolicy=\"strict-origin-when-cross-origin\" allowfullscreen><\/iframe>\n<\/div><\/figure>\n<\/div>\n\n\n\n<div class=\"wp-block-column is-layout-flow wp-block-column-is-layout-flow\">\n<figure class=\"wp-block-embed is-type-video is-provider-youtube wp-block-embed-youtube wp-embed-aspect-16-9 wp-has-aspect-ratio\"><div class=\"wp-block-embed__wrapper\">\n<iframe loading=\"lazy\" hcb-fetch-image-from=\"https:\/\/www.youtube.com\/watch?v=t5Srfj0_pGE\" title=\"Rejs statkiem po Jeziorze Ro\u017cnowskim\" width=\"1290\" height=\"726\" src=\"https:\/\/www.youtube.com\/embed\/t5Srfj0_pGE?feature=oembed\" frameborder=\"0\" allow=\"accelerometer; autoplay; clipboard-write; encrypted-media; gyroscope; picture-in-picture; web-share\" referrerpolicy=\"strict-origin-when-cross-origin\" allowfullscreen><\/iframe>\n<\/div><\/figure>\n<\/div>\n\n\n\n<div class=\"wp-block-column is-layout-flow wp-block-column-is-layout-flow\">\n<figure class=\"wp-block-embed is-type-video is-provider-youtube wp-block-embed-youtube wp-embed-aspect-16-9 wp-has-aspect-ratio\"><div class=\"wp-block-embed__wrapper\">\n<iframe loading=\"lazy\" hcb-fetch-image-from=\"https:\/\/www.youtube.com\/watch?v=7URy9NB3qzg\" title=\"Jezioro Ro\u017cnowskie w Gr\u00f3dku n\/Dunajcem. Rejs statkiem 2020 lipiec.\" width=\"1290\" height=\"726\" src=\"https:\/\/www.youtube.com\/embed\/7URy9NB3qzg?feature=oembed\" frameborder=\"0\" allow=\"accelerometer; autoplay; clipboard-write; encrypted-media; gyroscope; picture-in-picture; web-share\" referrerpolicy=\"strict-origin-when-cross-origin\" allowfullscreen><\/iframe>\n<\/div><\/figure>\n<\/div>\n<\/div>\n","protected":false},"excerpt":{"rendered":"<p>REJSY STATKIEM&nbsp;PO JEZIORZE RO\u017bNOWSKIM Zapraszamy na nasz\u0105 przysta\u0144, sk\u0105d wyruszaj\u0105 statki wycieczkowe na rejsy po Jeziorze Ro\u017cnowskim na trasie Gr\u00f3dek nad Dunajcem &#8211; Zapora w Ro\u017cnowie. Rejs do Ro\u017cnowa trwa 30min, tam 30 min przerwa na zwiedzanie Zapory i powr\u00f3t do Gr\u00f3dka nad Dunajcem (30min). W sezonie letnim rejsy odbywaj\u0105 si\u0119 codziennie. Istnieje mo\u017cliwo\u015b\u0107 wynaj\u0119cia [&hellip;]<\/p>\n","protected":false},"author":1,"featured_media":0,"parent":0,"menu_order":0,"comment_status":"closed","ping_status":"closed","template":"","meta":{"footnotes":""},"class_list":["post-259","page","type-page","status-publish","hentry"],"blocksy_meta":[],"_links":{"self":[{"href":"https:\/\/barbara-grodek.pl\/index.php\/wp-json\/wp\/v2\/pages\/259","targetHints":{"allow":["GET"]}}],"collection":[{"href":"https:\/\/barbara-grodek.pl\/index.php\/wp-json\/wp\/v2\/pages"}],"about":[{"href":"https:\/\/barbara-grodek.pl\/index.php\/wp-json\/wp\/v2\/types\/page"}],"author":[{"embeddable":true,"href":"https:\/\/barbara-grodek.pl\/index.php\/wp-json\/wp\/v2\/users\/1"}],"replies":[{"embeddable":true,"href":"https:\/\/barbara-grodek.pl\/index.php\/wp-json\/wp\/v2\/comments?post=259"}],"version-history":[{"count":8,"href":"https:\/\/barbara-grodek.pl\/index.php\/wp-json\/wp\/v2\/pages\/259\/revisions"}],"predecessor-version":[{"id":619,"href":"https:\/\/barbara-grodek.pl\/index.php\/wp-json\/wp\/v2\/pages\/259\/revisions\/619"}],"wp:attachment":[{"href":"https:\/\/barbara-grodek.pl\/index.php\/wp-json\/wp\/v2\/media?parent=259"}],"curies":[{"name":"wp","href":"https:\/\/api.w.org\/{rel}","templated":true}]}}