{"id":435,"date":"2024-07-08T10:32:18","date_gmt":"2024-07-08T08:32:18","guid":{"rendered":"http:\/\/barbara-grodek.wbeskid.pl\/barbara-grodek\/?page_id=435"},"modified":"2024-07-08T10:32:18","modified_gmt":"2024-07-08T08:32:18","slug":"cennik-rejsow-statkiem","status":"publish","type":"page","link":"https:\/\/barbara-grodek.pl\/index.php\/cennik-rejsow-statkiem\/","title":{"rendered":"CENNIK REJS\u00d3W STATKIEM"},"content":{"rendered":"\n<figure class=\"wp-block-table\"><table><tbody><tr><td class=\"has-text-align-center\" data-align=\"center\" colspan=\"2\"><strong>REJSY STATKIEM<\/strong><\/td><\/tr><tr><td class=\"has-text-align-center\" data-align=\"center\">Dzieci do 3 lat<\/td><td class=\"has-text-align-center\" data-align=\"center\">Gratis<\/td><\/tr><tr><td class=\"has-text-align-center\" data-align=\"center\">Dzieci od 3 do 12 lat<\/td><td class=\"has-text-align-center\" data-align=\"center\">15z\u0142<\/td><\/tr><tr><td class=\"has-text-align-center\" data-align=\"center\">Osoby powy\u017cej 12 lat<\/td><td class=\"has-text-align-center\" data-align=\"center\">30z\u0142<\/td><\/tr><tr><td class=\"has-text-align-center\" data-align=\"center\" colspan=\"2\"><strong>Grupy zorganizowanie (powy\u017cej 20 os\u00f3b)<\/strong><\/td><\/tr><tr><td class=\"has-text-align-center\" data-align=\"center\">Dzieci<\/td><td class=\"has-text-align-center\" data-align=\"center\">12z\u0142<\/td><\/tr><tr><td class=\"has-text-align-center\" data-align=\"center\">Doro\u015bli<\/td><td class=\"has-text-align-center\" data-align=\"center\">24z\u0142<\/td><\/tr><\/tbody><\/table><\/figure>\n","protected":false},"excerpt":{"rendered":"<p>REJSY STATKIEM Dzieci do 3 lat Gratis Dzieci od 3 do 12 lat 15z\u0142 Osoby powy\u017cej 12 lat 30z\u0142 Grupy zorganizowanie (powy\u017cej 20 os\u00f3b) Dzieci 12z\u0142 Doro\u015bli 24z\u0142<\/p>\n","protected":false},"author":2,"featured_media":0,"parent":0,"menu_order":0,"comment_status":"closed","ping_status":"closed","template":"","meta":{"footnotes":""},"class_list":["post-435","page","type-page","status-publish","hentry"],"blocksy_meta":[],"_links":{"self":[{"href":"https:\/\/barbara-grodek.pl\/index.php\/wp-json\/wp\/v2\/pages\/435","targetHints":{"allow":["GET"]}}],"collection":[{"href":"https:\/\/barbara-grodek.pl\/index.php\/wp-json\/wp\/v2\/pages"}],"about":[{"href":"https:\/\/barbara-grodek.pl\/index.php\/wp-json\/wp\/v2\/types\/page"}],"author":[{"embeddable":true,"href":"https:\/\/barbara-grodek.pl\/index.php\/wp-json\/wp\/v2\/users\/2"}],"replies":[{"embeddable":true,"href":"https:\/\/barbara-grodek.pl\/index.php\/wp-json\/wp\/v2\/comments?post=435"}],"version-history":[{"count":1,"href":"https:\/\/barbara-grodek.pl\/index.php\/wp-json\/wp\/v2\/pages\/435\/revisions"}],"predecessor-version":[{"id":436,"href":"https:\/\/barbara-grodek.pl\/index.php\/wp-json\/wp\/v2\/pages\/435\/revisions\/436"}],"wp:attachment":[{"href":"https:\/\/barbara-grodek.pl\/index.php\/wp-json\/wp\/v2\/media?parent=435"}],"curies":[{"name":"wp","href":"https:\/\/api.w.org\/{rel}","templated":true}]}}