{"id":437,"date":"2024-07-08T10:45:17","date_gmt":"2024-07-08T08:45:17","guid":{"rendered":"http:\/\/barbara-grodek.wbeskid.pl\/barbara-grodek\/?page_id=437"},"modified":"2024-07-08T10:45:17","modified_gmt":"2024-07-08T08:45:17","slug":"cennik-sprzetu-plywajacego","status":"publish","type":"page","link":"https:\/\/barbara-grodek.pl\/index.php\/cennik-sprzetu-plywajacego\/","title":{"rendered":"CENNIK SPRZ\u0118TU P\u0141YWAJ\u0104CEGO"},"content":{"rendered":"\n<figure class=\"wp-block-table\"><table><tbody><tr><td class=\"has-text-align-center\" data-align=\"center\" colspan=\"2\"><br><strong>SPRZ\u0118T P\u0141YWAJ\u0104CY<\/strong><br><\/td><\/tr><tr><td class=\"has-text-align-center\" data-align=\"center\">Rowerek max 5os (samoch\u00f3d)<\/td><td class=\"has-text-align-center\" data-align=\"center\">50z\u0142\/h<\/td><\/tr><tr><td class=\"has-text-align-center\" data-align=\"center\">Rowerek max 4os<\/td><td class=\"has-text-align-center\" data-align=\"center\">45z\u0142\/h<\/td><\/tr><tr><td class=\"has-text-align-center\" data-align=\"center\">\u0141\u00f3d\u017a max 4os<\/td><td class=\"has-text-align-center\" data-align=\"center\">40z\u0142\/h<\/td><\/tr><tr><td class=\"has-text-align-center\" data-align=\"center\">\u0141\u00f3d\u017a elektryczna max 4os<\/td><td class=\"has-text-align-center\" data-align=\"center\">120z\u0142\/h<\/td><\/tr><tr><td class=\"has-text-align-center\" data-align=\"center\">\u0141\u00f3d\u017a elektryczna max 5os<\/td><td class=\"has-text-align-center\" data-align=\"center\">150z\u0142\/h<\/td><\/tr><tr><td class=\"has-text-align-center\" data-align=\"center\">\u0141\u00f3d\u017a w\u0119dkarska<\/td><td class=\"has-text-align-center\" data-align=\"center\">100z\u0142\/dzie\u0144<\/td><\/tr><tr><td class=\"has-text-align-center\" data-align=\"center\">Kajak komfort max 2os<\/td><td class=\"has-text-align-center\" data-align=\"center\">35z\u0142\/h<\/td><\/tr><tr><td class=\"has-text-align-center\" data-align=\"center\">Le\u017cak<\/td><td class=\"has-text-align-center\" data-align=\"center\">10z\u0142\/dzie\u0144<\/td><\/tr><tr><td class=\"has-text-align-center\" data-align=\"center\">Le\u017cak plastikowy<\/td><td class=\"has-text-align-center\" data-align=\"center\">20z\u0142\/dzie\u0144<\/td><\/tr><\/tbody><\/table><\/figure>\n\n\n\n<p><strong>ZA SPRZ\u0118T P\u0141YWAJ\u0104CY OBOWI\u0104ZUJE<\/strong> <strong>KAUCJA ZWRTONA<\/strong> <strong>W WYSOKO\u015aCI<\/strong> <strong>100Z\u0141<\/strong> <strong>(<\/strong> <strong>TYLKO W GOT\u00d3WCE)<\/strong><br><strong>ZA \u0141ODZIE ELEKTRYCZNE OBOWI\u0104ZUJE<\/strong> <strong>KAUCJA ZWRTONA<\/strong> <strong>W WYSOKO\u015aCI<\/strong> <strong>200Z\u0141<\/strong> <strong>(<\/strong> <strong>TYLKO W GOT\u00d3WCE<\/strong> <strong>)<\/strong><\/p>\n","protected":false},"excerpt":{"rendered":"<p>SPRZ\u0118T P\u0141YWAJ\u0104CY Rowerek max 5os (samoch\u00f3d) 50z\u0142\/h Rowerek max 4os 45z\u0142\/h \u0141\u00f3d\u017a max 4os 40z\u0142\/h \u0141\u00f3d\u017a elektryczna max 4os 120z\u0142\/h \u0141\u00f3d\u017a elektryczna max 5os 150z\u0142\/h \u0141\u00f3d\u017a w\u0119dkarska 100z\u0142\/dzie\u0144 Kajak komfort max 2os 35z\u0142\/h Le\u017cak 10z\u0142\/dzie\u0144 Le\u017cak plastikowy 20z\u0142\/dzie\u0144 ZA SPRZ\u0118T P\u0141YWAJ\u0104CY OBOWI\u0104ZUJE KAUCJA ZWRTONA W WYSOKO\u015aCI 100Z\u0141 ( TYLKO W GOT\u00d3WCE)ZA \u0141ODZIE ELEKTRYCZNE OBOWI\u0104ZUJE KAUCJA [&hellip;]<\/p>\n","protected":false},"author":2,"featured_media":0,"parent":0,"menu_order":0,"comment_status":"closed","ping_status":"closed","template":"","meta":{"footnotes":""},"class_list":["post-437","page","type-page","status-publish","hentry"],"blocksy_meta":[],"_links":{"self":[{"href":"https:\/\/barbara-grodek.pl\/index.php\/wp-json\/wp\/v2\/pages\/437","targetHints":{"allow":["GET"]}}],"collection":[{"href":"https:\/\/barbara-grodek.pl\/index.php\/wp-json\/wp\/v2\/pages"}],"about":[{"href":"https:\/\/barbara-grodek.pl\/index.php\/wp-json\/wp\/v2\/types\/page"}],"author":[{"embeddable":true,"href":"https:\/\/barbara-grodek.pl\/index.php\/wp-json\/wp\/v2\/users\/2"}],"replies":[{"embeddable":true,"href":"https:\/\/barbara-grodek.pl\/index.php\/wp-json\/wp\/v2\/comments?post=437"}],"version-history":[{"count":1,"href":"https:\/\/barbara-grodek.pl\/index.php\/wp-json\/wp\/v2\/pages\/437\/revisions"}],"predecessor-version":[{"id":439,"href":"https:\/\/barbara-grodek.pl\/index.php\/wp-json\/wp\/v2\/pages\/437\/revisions\/439"}],"wp:attachment":[{"href":"https:\/\/barbara-grodek.pl\/index.php\/wp-json\/wp\/v2\/media?parent=437"}],"curies":[{"name":"wp","href":"https:\/\/api.w.org\/{rel}","templated":true}]}}